{"id":4607,"date":"2023-12-20T14:25:17","date_gmt":"2023-12-20T13:25:17","guid":{"rendered":"https:\/\/reelofoten.no\/practical-information\/faq\/"},"modified":"2025-10-31T09:03:41","modified_gmt":"2025-10-31T08:03:41","slug":"faq","status":"publish","type":"page","link":"https:\/\/reelofoten.no\/en\/practical-information\/faq\/","title":{"rendered":"FAQ"},"content":{"rendered":"\n\n<h2>\n\t\t\tFAQ\t<\/h2>\n\t\t\t\t\t<a href=\"#\"  id=\"fl-accordion--label-0\" tabindex=\"0\" aria-controls=\"fl-accordion--panel-0\">How do I get to Lofoten?<\/a>\n\t\t\t\t\t\t\t\t\t\t\t<a href=\"#\" id=\"fl-accordion--icon-0\"  tabindex=\"0\"><i title=\"Utvid\">Utvid<\/i><\/a>\n\t\t\t\t\t<p>The most common itineraries go via Bod\u00f8. From Bod\u00f8 you can either take the ferry to Moskenes or fly to Leknes. For more information, see <a href=\"https:\/\/reelofoten.no\/en\/practical-information\/how-to-get-here\/\">How to get here<\/a><\/p>\n\t\t\t\t\t<a href=\"#\"  id=\"fl-accordion--label-1\" tabindex=\"0\" aria-controls=\"fl-accordion--panel-1\">When is the best time to come to Lofoten?<\/a>\n\t\t\t\t\t\t\t\t\t\t\t<a href=\"#\" id=\"fl-accordion--icon-1\"  tabindex=\"0\"><i title=\"Utvid\">Utvid<\/i><\/a>\n\t\t\t\t\t<p>When you should come to Lofoten depends on your interests. The traditional Lofoten fishing season is usually from mid-February to mid-April, the Midnight sun is here from May 27<sup>th<\/sup> to July 17th, the warmest season is normally in July and August, the Northern lights can be seen on dark nights, normally from the end of August to the beginning of April.<\/p>\n\t\t\t\t\t<a href=\"#\"  id=\"fl-accordion--label-2\" tabindex=\"0\" aria-controls=\"fl-accordion--panel-2\">What is the weather like in Lofoten?<\/a>\n\t\t\t\t\t\t\t\t\t\t\t<a href=\"#\" id=\"fl-accordion--icon-2\"  tabindex=\"0\"><i title=\"Utvid\">Utvid<\/i><\/a>\n\t\t\t\t\t<p>The weather in Lofoten is changeable, and even in summer you must be prepared for cold days. We have a lot of wind at times, and a storm can come at any time of the year. The weather can change quickly, so keep an eye on the <a href=\"https:\/\/www.yr.no\/en\">weather forecast<\/a> and have an alternative route in mind.<\/p>\n\t\t\t\t\t<a href=\"#\"  id=\"fl-accordion--label-3\" tabindex=\"0\" aria-controls=\"fl-accordion--panel-3\">When can I see the Northern lights?<\/a>\n\t\t\t\t\t\t\t\t\t\t\t<a href=\"#\" id=\"fl-accordion--icon-3\"  tabindex=\"0\"><i title=\"Utvid\">Utvid<\/i><\/a>\n\t\t\t\t\t<p>The northern lights can be seen from the end of August to the beginning of April. There are many good apps with aurora alerts. Our recommendation is the app My Aurora Forecast. The Northern Lights at our locations can often be seen right outside the door.<\/p>\n\t\t\t\t\t<a href=\"#\"  id=\"fl-accordion--label-4\" tabindex=\"0\" aria-controls=\"fl-accordion--panel-4\">When can I see the midnight sun?<\/a>\n\t\t\t\t\t\t\t\t\t\t\t<a href=\"#\" id=\"fl-accordion--icon-4\"  tabindex=\"0\"><i title=\"Utvid\">Utvid<\/i><\/a>\n\t\t\t\t\t<p>The midnight sun in our location is visible from May 27th to July 17th. The midnight sun can be seen in towards the north.<\/p>\n\t\t\t\t\t<a href=\"#\"  id=\"fl-accordion--label-5\" tabindex=\"0\" aria-controls=\"fl-accordion--panel-5\">How do I check in to my accommodation since you do not have a reception?<\/a>\n\t\t\t\t\t\t\t\t\t\t\t<a href=\"#\" id=\"fl-accordion--icon-5\"  tabindex=\"0\"><i title=\"Utvid\">Utvid<\/i><\/a>\n\t\t\t\t\t<p>On the day of check-in, when your room is ready, usually between 12 noon and 3 pm, we will send an e-mail with the information you need to enter. It is therefore important that you have access to internet on the day of check-in. If your booking is made via booking.com, information will mainly be sent in the message center on your app.<\/p>\n\t\t\t\t\t<a href=\"#\"  id=\"fl-accordion--label-6\" tabindex=\"0\" aria-controls=\"fl-accordion--panel-6\">How do I contact you during my visit?<\/a>\n\t\t\t\t\t\t\t\t\t\t\t<a href=\"#\" id=\"fl-accordion--icon-6\"  tabindex=\"0\"><i title=\"Utvid\">Utvid<\/i><\/a>\n\t\t\t\t\t<p>The easiest way to contact us is via the message center on booking.com app. if you have made the booking directly, the best way to contact us is to call. Text messages and e-mails are usually only answered during office hours on weekdays.<\/p>\n<p>&nbsp;<\/p>\n\t\t\t\t\t<a href=\"#\"  id=\"fl-accordion--label-7\" tabindex=\"0\" aria-controls=\"fl-accordion--panel-7\">Where can I buy groceries?<\/a>\n\t\t\t\t\t\t\t\t\t\t\t<a href=\"#\" id=\"fl-accordion--icon-7\"  tabindex=\"0\"><i title=\"Utvid\">Utvid<\/i><\/a>\n\t\t\t\t\t<p>We have three grocery stores on Moskenes island. COOP at Reine and Matkroken and Joker at S\u00f8rv\u00e5gen. In addition, there is a good selection of groceries at Circle K in the centre of Reine.<\/p>\n\t\t\t\t\t<a href=\"#\"  id=\"fl-accordion--label-8\" tabindex=\"0\" aria-controls=\"fl-accordion--panel-8\">Are there restaurants and caf\u00e9s nearby?<\/a>\n\t\t\t\t\t\t\t\t\t\t\t<a href=\"#\" id=\"fl-accordion--icon-8\"  tabindex=\"0\"><i title=\"Utvid\">Utvid<\/i><\/a>\n\t\t\t\t\t<p>There are restaurants and caf\u00e9s all along the road from Hamn\u00f8y to \u00c5. We recommend that you contact the restaurants and caf\u00e9s directly for opening hours, as these vary from place to place and season to season.<\/p>\n\t\t\t\t\t<a href=\"#\"  id=\"fl-accordion--label-9\" tabindex=\"0\" aria-controls=\"fl-accordion--panel-9\">What activity is the best to join?<\/a>\n\t\t\t\t\t\t\t\t\t\t\t<a href=\"#\" id=\"fl-accordion--icon-9\"  tabindex=\"0\"><i title=\"Utvid\">Utvid<\/i><\/a>\n\t\t\t\t\t<p>Which activities you should take part in depends on your interests. We offer trips on the Lofoten Sea and in Lofotodden National Park, with our fishing boat or RIB. For more information about our tours, see <a href=\"https:\/\/reelofoten.no\/en\/activities\/\">Activities<\/a>.<\/p>\n<p>There are also other activity providers on the island who offer, for example, kayaking or guided mountain tours in the summer and snowshoeing in the winter.<\/p>\n\t\t\t\t\t<a href=\"#\"  id=\"fl-accordion--label-10\" tabindex=\"0\" aria-controls=\"fl-accordion--panel-10\">Do you have an age limit for your activities?<\/a>\n\t\t\t\t\t\t\t\t\t\t\t<a href=\"#\" id=\"fl-accordion--icon-10\"  tabindex=\"0\"><i title=\"Utvid\">Utvid<\/i><\/a>\n\t\t\t\t\t<p>We have no lower or upper age limit on our tours. We adapt the trips to our guests, and we have approved rescue equipment for all ages. However, we would like to draw your attention to the fact that a trip by speedboat can pose a risk. We therefore ask guests with previous back, neck and knee injuries, or guests who are pregnant to contact us directly before booking a RIB trip.<\/p>\n\t\t\t\t\t<a href=\"#\"  id=\"fl-accordion--label-11\" tabindex=\"0\" aria-controls=\"fl-accordion--panel-11\">What happens if I cannot come as planned?<\/a>\n\t\t\t\t\t\t\t\t\t\t\t<a href=\"#\" id=\"fl-accordion--icon-11\"  tabindex=\"0\"><i title=\"Utvid\">Utvid<\/i><\/a>\n\t\t\t\t\t<p>If you cannot come as planned, please contact us as soon as possible. If you book accommodation or activities directly with us, you have the right to change or cancel before 14 days before arrival. If you book accommodation via a third party, the cancellation deadline you selected when booking applies. See our terms and conditions for more information. If you cancel within 14 days before, your order will not be refunded. The same applies if you do not check in at the accommodation, or do not turn up for the activity.<\/p>\n\t\t\t\t\t<a href=\"#\"  id=\"fl-accordion--label-12\" tabindex=\"0\" aria-controls=\"fl-accordion--panel-12\">What happens if you cancel my booking?<\/a>\n\t\t\t\t\t\t\t\t\t\t\t<a href=\"#\" id=\"fl-accordion--icon-12\"  tabindex=\"0\"><i title=\"Utvid\">Utvid<\/i><\/a>\n\t\t\t\t\t<p>Unforeseen events may occur for us, the weather may be bad, or we may not reach the minimum number to go out on tour. If we cancel the activity you are registered for, for whatever reason, you will receive a full refund for this activity.<\/p>\n\t\t\t\t\t<a href=\"#\"  id=\"fl-accordion--label-13\" tabindex=\"0\" aria-controls=\"fl-accordion--panel-13\">Is travel insurance included in my booking?<\/a>\n\t\t\t\t\t\t\t\t\t\t\t<a href=\"#\" id=\"fl-accordion--icon-13\"  tabindex=\"0\"><i title=\"Utvid\">Utvid<\/i><\/a>\n\t\t\t\t\tYou are insured through us when you participate in our activities.\nTravel insurance is not included in your booking. This means that travel to and from the meeting point for activities or accommodation, as well as any incidents that occur on the way there, are not covered by the insurance we provide for you. We therefore recommend that you make sure you have proper travel insurance when coming to Lofoten. Unexpected events can occur during your journey. Please note that bad weather is not considered an unexpected event &#8211; this is something anyone traveling to Lofoten should be prepared for.\n<h2>\n\t\t\tPlan Your Trip\t<\/h2>\n<p>Join us on guided RIB boat tours to hidden gems and abandoned fishing villages in Lofoten. Along the way, locals will tell you unique stories about the area. Experience the Moskstraumen maelstrom, the dramatic mountain range known as Lofotveggen, and join one of our nature trips.<\/p>\n<h2>\n\t\t\tAccommodation nearby and activities in Lofotodden National Park\t<\/h2>\n<p>Stay close to the entrance gates to Lofotodden National Park in Reine or S\u00f8rv\u00e5gen. From Reine you can join our fishing trip on TRIO II, or our guided RIB boat tours to hidden gems and abandoned fishing villages in Lofoten and Lofotodden National Park. Along the way, locals will tell you unique stories about the area. Explore Lofoten with us.<\/p>\n<p>Relax &#8211; Enjoy &#8211; Explore &#8211; Lofoten<\/p>\n\n","protected":false},"excerpt":{"rendered":"<p>FAQ How do I get to Lofoten? Utvid The most common itineraries go via Bod\u00f8. From Bod\u00f8 you can either take the ferry to Moskenes or fly to Leknes. For more information, see How to get here When is the best time to come to Lofoten? Utvid When you should come to Lofoten depends on&hellip;<\/p>\n","protected":false},"author":3,"featured_media":4553,"parent":4603,"menu_order":9,"comment_status":"closed","ping_status":"closed","template":"","meta":{"_acf_changed":false,"_analytify_skip_tracking":false,"footnotes":""},"class_list":["post-4607","page","type-page","status-publish","has-post-thumbnail","hentry"],"acf":[],"yoast_head":"<!-- This site is optimized with the Yoast SEO plugin v27.3 - https:\/\/yoast.com\/product\/yoast-seo-wordpress\/ -->\n<title>FAQ - REEL AS<\/title>\n<meta name=\"robots\" content=\"index, follow, max-snippet:-1, max-image-preview:large, max-video-preview:-1\" \/>\n<link rel=\"canonical\" href=\"https:\/\/reelofoten.no\/en\/practical-information\/faq\/\" \/>\n<meta property=\"og:locale\" content=\"en_US\" \/>\n<meta property=\"og:type\" content=\"article\" \/>\n<meta property=\"og:title\" content=\"FAQ - REEL AS\" \/>\n<meta property=\"og:description\" content=\"FAQ How do I get to Lofoten? Utvid The most common itineraries go via Bod\u00f8. From Bod\u00f8 you can either take the ferry to Moskenes or fly to Leknes. For more information, see How to get here When is the best time to come to Lofoten? Utvid When you should come to Lofoten depends on&hellip;\" \/>\n<meta property=\"og:url\" content=\"https:\/\/reelofoten.no\/en\/practical-information\/faq\/\" \/>\n<meta property=\"og:site_name\" content=\"REEL AS\" \/>\n<meta property=\"article:publisher\" content=\"https:\/\/www.facebook.com\/REELofoten\/\" \/>\n<meta property=\"article:modified_time\" content=\"2025-10-31T08:03:41+00:00\" \/>\n<meta property=\"og:image\" content=\"https:\/\/reelofoten.no\/wp-content\/uploads\/2023\/12\/lofothistorie-og-refsvikhula3.jpg\" \/>\n\t<meta property=\"og:image:width\" content=\"2000\" \/>\n\t<meta property=\"og:image:height\" content=\"1333\" \/>\n\t<meta property=\"og:image:type\" content=\"image\/jpeg\" \/>\n<meta name=\"twitter:card\" content=\"summary_large_image\" \/>\n<meta name=\"twitter:label1\" content=\"Est. reading time\" \/>\n\t<meta name=\"twitter:data1\" content=\"5 minutes\" \/>\n<script type=\"application\/ld+json\" class=\"yoast-schema-graph\">{\"@context\":\"https:\\\/\\\/schema.org\",\"@graph\":[{\"@type\":\"WebPage\",\"@id\":\"https:\\\/\\\/reelofoten.no\\\/en\\\/practical-information\\\/faq\\\/\",\"url\":\"https:\\\/\\\/reelofoten.no\\\/en\\\/practical-information\\\/faq\\\/\",\"name\":\"FAQ - REEL AS\",\"isPartOf\":{\"@id\":\"https:\\\/\\\/reelofoten.no\\\/#website\"},\"primaryImageOfPage\":{\"@id\":\"https:\\\/\\\/reelofoten.no\\\/en\\\/practical-information\\\/faq\\\/#primaryimage\"},\"image\":{\"@id\":\"https:\\\/\\\/reelofoten.no\\\/en\\\/practical-information\\\/faq\\\/#primaryimage\"},\"thumbnailUrl\":\"https:\\\/\\\/reelofoten.no\\\/wp-content\\\/uploads\\\/2023\\\/12\\\/lofothistorie-og-refsvikhula3.jpg\",\"datePublished\":\"2023-12-20T13:25:17+00:00\",\"dateModified\":\"2025-10-31T08:03:41+00:00\",\"breadcrumb\":{\"@id\":\"https:\\\/\\\/reelofoten.no\\\/en\\\/practical-information\\\/faq\\\/#breadcrumb\"},\"inLanguage\":\"en-US\",\"potentialAction\":[{\"@type\":\"ReadAction\",\"target\":[\"https:\\\/\\\/reelofoten.no\\\/en\\\/practical-information\\\/faq\\\/\"]}]},{\"@type\":\"ImageObject\",\"inLanguage\":\"en-US\",\"@id\":\"https:\\\/\\\/reelofoten.no\\\/en\\\/practical-information\\\/faq\\\/#primaryimage\",\"url\":\"https:\\\/\\\/reelofoten.no\\\/wp-content\\\/uploads\\\/2023\\\/12\\\/lofothistorie-og-refsvikhula3.jpg\",\"contentUrl\":\"https:\\\/\\\/reelofoten.no\\\/wp-content\\\/uploads\\\/2023\\\/12\\\/lofothistorie-og-refsvikhula3.jpg\",\"width\":2000,\"height\":1333},{\"@type\":\"BreadcrumbList\",\"@id\":\"https:\\\/\\\/reelofoten.no\\\/en\\\/practical-information\\\/faq\\\/#breadcrumb\",\"itemListElement\":[{\"@type\":\"ListItem\",\"position\":1,\"name\":\"Hjem\",\"item\":\"https:\\\/\\\/reelofoten.no\\\/en\\\/\"},{\"@type\":\"ListItem\",\"position\":2,\"name\":\"Practical Information\",\"item\":\"https:\\\/\\\/reelofoten.no\\\/en\\\/practical-information\\\/\"},{\"@type\":\"ListItem\",\"position\":3,\"name\":\"FAQ\"}]},{\"@type\":\"WebSite\",\"@id\":\"https:\\\/\\\/reelofoten.no\\\/#website\",\"url\":\"https:\\\/\\\/reelofoten.no\\\/\",\"name\":\"REEL AS\",\"description\":\"Aktiviteter i Lofotodden\",\"publisher\":{\"@id\":\"https:\\\/\\\/reelofoten.no\\\/#organization\"},\"alternateName\":\"REELofoten\",\"potentialAction\":[{\"@type\":\"SearchAction\",\"target\":{\"@type\":\"EntryPoint\",\"urlTemplate\":\"https:\\\/\\\/reelofoten.no\\\/?s={search_term_string}\"},\"query-input\":{\"@type\":\"PropertyValueSpecification\",\"valueRequired\":true,\"valueName\":\"search_term_string\"}}],\"inLanguage\":\"en-US\"},{\"@type\":\"Organization\",\"@id\":\"https:\\\/\\\/reelofoten.no\\\/#organization\",\"name\":\"REEL AS\",\"alternateName\":\"REELofoten\",\"url\":\"https:\\\/\\\/reelofoten.no\\\/\",\"logo\":{\"@type\":\"ImageObject\",\"inLanguage\":\"en-US\",\"@id\":\"https:\\\/\\\/reelofoten.no\\\/#\\\/schema\\\/logo\\\/image\\\/\",\"url\":\"https:\\\/\\\/reelofoten.no\\\/wp-content\\\/uploads\\\/2024\\\/02\\\/logo-reel-02.png\",\"contentUrl\":\"https:\\\/\\\/reelofoten.no\\\/wp-content\\\/uploads\\\/2024\\\/02\\\/logo-reel-02.png\",\"width\":1633,\"height\":1447,\"caption\":\"REEL AS\"},\"image\":{\"@id\":\"https:\\\/\\\/reelofoten.no\\\/#\\\/schema\\\/logo\\\/image\\\/\"},\"sameAs\":[\"https:\\\/\\\/www.facebook.com\\\/REELofoten\\\/\",\"https:\\\/\\\/www.instagram.com\\\/reelofoten\\\/\"]}]}<\/script>\n<!-- \/ Yoast SEO plugin. -->","yoast_head_json":{"title":"FAQ - REEL AS","robots":{"index":"index","follow":"follow","max-snippet":"max-snippet:-1","max-image-preview":"max-image-preview:large","max-video-preview":"max-video-preview:-1"},"canonical":"https:\/\/reelofoten.no\/en\/practical-information\/faq\/","og_locale":"en_US","og_type":"article","og_title":"FAQ - REEL AS","og_description":"FAQ How do I get to Lofoten? Utvid The most common itineraries go via Bod\u00f8. From Bod\u00f8 you can either take the ferry to Moskenes or fly to Leknes. For more information, see How to get here When is the best time to come to Lofoten? Utvid When you should come to Lofoten depends on&hellip;","og_url":"https:\/\/reelofoten.no\/en\/practical-information\/faq\/","og_site_name":"REEL AS","article_publisher":"https:\/\/www.facebook.com\/REELofoten\/","article_modified_time":"2025-10-31T08:03:41+00:00","og_image":[{"width":2000,"height":1333,"url":"https:\/\/reelofoten.no\/wp-content\/uploads\/2023\/12\/lofothistorie-og-refsvikhula3.jpg","type":"image\/jpeg"}],"twitter_card":"summary_large_image","twitter_misc":{"Est. reading time":"5 minutes"},"schema":{"@context":"https:\/\/schema.org","@graph":[{"@type":"WebPage","@id":"https:\/\/reelofoten.no\/en\/practical-information\/faq\/","url":"https:\/\/reelofoten.no\/en\/practical-information\/faq\/","name":"FAQ - REEL AS","isPartOf":{"@id":"https:\/\/reelofoten.no\/#website"},"primaryImageOfPage":{"@id":"https:\/\/reelofoten.no\/en\/practical-information\/faq\/#primaryimage"},"image":{"@id":"https:\/\/reelofoten.no\/en\/practical-information\/faq\/#primaryimage"},"thumbnailUrl":"https:\/\/reelofoten.no\/wp-content\/uploads\/2023\/12\/lofothistorie-og-refsvikhula3.jpg","datePublished":"2023-12-20T13:25:17+00:00","dateModified":"2025-10-31T08:03:41+00:00","breadcrumb":{"@id":"https:\/\/reelofoten.no\/en\/practical-information\/faq\/#breadcrumb"},"inLanguage":"en-US","potentialAction":[{"@type":"ReadAction","target":["https:\/\/reelofoten.no\/en\/practical-information\/faq\/"]}]},{"@type":"ImageObject","inLanguage":"en-US","@id":"https:\/\/reelofoten.no\/en\/practical-information\/faq\/#primaryimage","url":"https:\/\/reelofoten.no\/wp-content\/uploads\/2023\/12\/lofothistorie-og-refsvikhula3.jpg","contentUrl":"https:\/\/reelofoten.no\/wp-content\/uploads\/2023\/12\/lofothistorie-og-refsvikhula3.jpg","width":2000,"height":1333},{"@type":"BreadcrumbList","@id":"https:\/\/reelofoten.no\/en\/practical-information\/faq\/#breadcrumb","itemListElement":[{"@type":"ListItem","position":1,"name":"Hjem","item":"https:\/\/reelofoten.no\/en\/"},{"@type":"ListItem","position":2,"name":"Practical Information","item":"https:\/\/reelofoten.no\/en\/practical-information\/"},{"@type":"ListItem","position":3,"name":"FAQ"}]},{"@type":"WebSite","@id":"https:\/\/reelofoten.no\/#website","url":"https:\/\/reelofoten.no\/","name":"REEL AS","description":"Aktiviteter i Lofotodden","publisher":{"@id":"https:\/\/reelofoten.no\/#organization"},"alternateName":"REELofoten","potentialAction":[{"@type":"SearchAction","target":{"@type":"EntryPoint","urlTemplate":"https:\/\/reelofoten.no\/?s={search_term_string}"},"query-input":{"@type":"PropertyValueSpecification","valueRequired":true,"valueName":"search_term_string"}}],"inLanguage":"en-US"},{"@type":"Organization","@id":"https:\/\/reelofoten.no\/#organization","name":"REEL AS","alternateName":"REELofoten","url":"https:\/\/reelofoten.no\/","logo":{"@type":"ImageObject","inLanguage":"en-US","@id":"https:\/\/reelofoten.no\/#\/schema\/logo\/image\/","url":"https:\/\/reelofoten.no\/wp-content\/uploads\/2024\/02\/logo-reel-02.png","contentUrl":"https:\/\/reelofoten.no\/wp-content\/uploads\/2024\/02\/logo-reel-02.png","width":1633,"height":1447,"caption":"REEL AS"},"image":{"@id":"https:\/\/reelofoten.no\/#\/schema\/logo\/image\/"},"sameAs":["https:\/\/www.facebook.com\/REELofoten\/","https:\/\/www.instagram.com\/reelofoten\/"]}]}},"_links":{"self":[{"href":"https:\/\/reelofoten.no\/en\/wp-json\/wp\/v2\/pages\/4607","targetHints":{"allow":["GET"]}}],"collection":[{"href":"https:\/\/reelofoten.no\/en\/wp-json\/wp\/v2\/pages"}],"about":[{"href":"https:\/\/reelofoten.no\/en\/wp-json\/wp\/v2\/types\/page"}],"author":[{"embeddable":true,"href":"https:\/\/reelofoten.no\/en\/wp-json\/wp\/v2\/users\/3"}],"replies":[{"embeddable":true,"href":"https:\/\/reelofoten.no\/en\/wp-json\/wp\/v2\/comments?post=4607"}],"version-history":[{"count":0,"href":"https:\/\/reelofoten.no\/en\/wp-json\/wp\/v2\/pages\/4607\/revisions"}],"up":[{"embeddable":true,"href":"https:\/\/reelofoten.no\/en\/wp-json\/wp\/v2\/pages\/4603"}],"wp:featuredmedia":[{"embeddable":true,"href":"https:\/\/reelofoten.no\/en\/wp-json\/wp\/v2\/media\/4553"}],"wp:attachment":[{"href":"https:\/\/reelofoten.no\/en\/wp-json\/wp\/v2\/media?parent=4607"}],"curies":[{"name":"wp","href":"https:\/\/api.w.org\/{rel}","templated":true}]}}