{"id":4606,"date":"2023-12-19T15:42:14","date_gmt":"2023-12-19T14:42:14","guid":{"rendered":"https:\/\/reelofoten.no\/accommodation\/buodden-rorbuer\/"},"modified":"2025-12-23T09:25:11","modified_gmt":"2025-12-23T08:25:11","slug":"buodden-rorbuer","status":"publish","type":"page","link":"https:\/\/reelofoten.no\/en\/accommodation\/buodden-rorbuer\/","title":{"rendered":"Buodden Rorbuer"},"content":{"rendered":"\n\n<h2>\n\t\t\tFisherman&#8217;s Cabins in S\u00f8rv\u00e5gen\t<\/h2>\n<p>The Buodden Rorbuer fisherman&#8217;s cabins are located a short walk from of the village of S\u00f8rv\u00e5gen, right by the sea. The location offers views of Lofotodden National Park, V\u00e6r\u00f8y island, and the area&#8217;s famous Mokstraumen maelstrom.<\/p>\n\t\t\t<a href=\"https:\/\/booking.bedify.net\/65785150a3ec1735c3f6972d\/65afb17ce051bf46b1bcca11\" target=\"_blank\" rel=\"noopener\">\n\t\t\t\t\t\t\tBook Now\n\t\t\t\t\t<\/a>\n\t<strong>Modern Fisherman&#8217;s Cabins with Historical Charm<br \/>\n<\/strong>The bright and pleasant Buodden Rorbuer combine a modern expression with the traditional atmosphere of old fisherman\u00b4s cabins. Large windows and charming outdoor areas make our cabins well suited for couples, small families or groups of friends who want a comfortable stay with fantastic sea and mountain views. The cabins have modern and fully equipped kitchens that are ideal for self-catering.\n<p>S\u00f8rv\u00e5gen is the natural gateway to walks and mountain hikes in Lofotodden National Park. As a guest at the Buodden Rorbuer fisherman&#8217;s cabins, you&#8217;ll have many beautiful walks just outside your door.<\/p>\n\t<iframe src=\"https:\/\/www.google.com\/maps\/embed\/v1\/place?q=Buodden+rorbuer&#038;key=AIzaSyD09zQ9PNDNNy9TadMuzRV_UsPUoWKntt8\" aria-hidden=\"true\"><\/iframe>\n\t\t\t\t\t\t<figure>\n\t\t\t\t\t\t\t<img loading=\"lazy\" decoding=\"async\" src=\"https:\/\/reelofoten.no\/wp-content\/uploads\/2024\/01\/rorbu-hovesbua-vinter-500x333.jpg\" alt=\"\" srcset=\"https:\/\/reelofoten.no\/wp-content\/uploads\/2024\/01\/rorbu-hovesbua-vinter-500x333.jpg 500w, https:\/\/reelofoten.no\/wp-content\/uploads\/2024\/01\/rorbu-hovesbua-vinter-1024x682.jpg 1024w, https:\/\/reelofoten.no\/wp-content\/uploads\/2024\/01\/rorbu-hovesbua-vinter-768x512.jpg 768w, https:\/\/reelofoten.no\/wp-content\/uploads\/2024\/01\/rorbu-hovesbua-vinter-1536x1024.jpg 1536w, https:\/\/reelofoten.no\/wp-content\/uploads\/2024\/01\/rorbu-hovesbua-vinter-900x600.jpg 900w, https:\/\/reelofoten.no\/wp-content\/uploads\/2024\/01\/rorbu-hovesbua-vinter.jpg 2000w\" width=\"500\" height=\"333\" \/>\n\t\t\t\t\t\t\t\t\t\t\t\t\t<\/figure>\n\t\t\t\t\t\t<figure>\n\t\t\t\t\t\t\t<img loading=\"lazy\" decoding=\"async\" src=\"https:\/\/reelofoten.no\/wp-content\/uploads\/2024\/01\/rorbu-mathias-soverom-500x358.jpg\" alt=\"\" srcset=\"https:\/\/reelofoten.no\/wp-content\/uploads\/2024\/01\/rorbu-mathias-soverom-500x358.jpg 500w, https:\/\/reelofoten.no\/wp-content\/uploads\/2024\/01\/rorbu-mathias-soverom-1024x732.jpg 1024w, https:\/\/reelofoten.no\/wp-content\/uploads\/2024\/01\/rorbu-mathias-soverom-768x549.jpg 768w, https:\/\/reelofoten.no\/wp-content\/uploads\/2024\/01\/rorbu-mathias-soverom-1536x1098.jpg 1536w, https:\/\/reelofoten.no\/wp-content\/uploads\/2024\/01\/rorbu-mathias-soverom.jpg 2000w\" width=\"500\" height=\"358\" \/>\n\t\t\t\t\t\t\t\t\t\t\t\t\t<\/figure>\n\t\t\t\t\t\t<figure>\n\t\t\t\t\t\t\t<img loading=\"lazy\" decoding=\"async\" src=\"https:\/\/reelofoten.no\/wp-content\/uploads\/2024\/01\/rorbu-martin-500x344.jpg\" alt=\"\" srcset=\"https:\/\/reelofoten.no\/wp-content\/uploads\/2024\/01\/rorbu-martin-500x344.jpg 500w, https:\/\/reelofoten.no\/wp-content\/uploads\/2024\/01\/rorbu-martin-1024x703.jpg 1024w, https:\/\/reelofoten.no\/wp-content\/uploads\/2024\/01\/rorbu-martin-768x528.jpg 768w, https:\/\/reelofoten.no\/wp-content\/uploads\/2024\/01\/rorbu-martin-1536x1055.jpg 1536w, https:\/\/reelofoten.no\/wp-content\/uploads\/2024\/01\/rorbu-martin.jpg 2000w\" width=\"500\" height=\"344\" \/>\n\t\t\t\t\t\t\t\t\t\t\t\t\t<\/figure>\n\t\t\t\t\t\t<figure>\n\t\t\t\t\t\t\t<img loading=\"lazy\" decoding=\"async\" src=\"https:\/\/reelofoten.no\/wp-content\/uploads\/2024\/01\/rorbu-mathias-bad-med-badstue-ii-500x334.jpg\" alt=\"\" srcset=\"https:\/\/reelofoten.no\/wp-content\/uploads\/2024\/01\/rorbu-mathias-bad-med-badstue-ii-500x334.jpg 500w, https:\/\/reelofoten.no\/wp-content\/uploads\/2024\/01\/rorbu-mathias-bad-med-badstue-ii-1024x683.jpg 1024w, https:\/\/reelofoten.no\/wp-content\/uploads\/2024\/01\/rorbu-mathias-bad-med-badstue-ii-768x512.jpg 768w, https:\/\/reelofoten.no\/wp-content\/uploads\/2024\/01\/rorbu-mathias-bad-med-badstue-ii-1536x1025.jpg 1536w, https:\/\/reelofoten.no\/wp-content\/uploads\/2024\/01\/rorbu-mathias-bad-med-badstue-ii-900x600.jpg 900w, https:\/\/reelofoten.no\/wp-content\/uploads\/2024\/01\/rorbu-mathias-bad-med-badstue-ii.jpg 2000w\" width=\"500\" height=\"334\" \/>\n\t\t\t\t\t\t\t\t\t\t\t\t\t<\/figure>\n\t\t\t\t\t\t<figure>\n\t\t\t\t\t\t\t<img loading=\"lazy\" decoding=\"async\" src=\"https:\/\/reelofoten.no\/wp-content\/uploads\/2024\/01\/rorbu-hovesbua-ii-500x333.jpg\" alt=\"\" srcset=\"https:\/\/reelofoten.no\/wp-content\/uploads\/2024\/01\/rorbu-hovesbua-ii-500x333.jpg 500w, https:\/\/reelofoten.no\/wp-content\/uploads\/2024\/01\/rorbu-hovesbua-ii-1024x682.jpg 1024w, https:\/\/reelofoten.no\/wp-content\/uploads\/2024\/01\/rorbu-hovesbua-ii-768x512.jpg 768w, https:\/\/reelofoten.no\/wp-content\/uploads\/2024\/01\/rorbu-hovesbua-ii-1536x1024.jpg 1536w, https:\/\/reelofoten.no\/wp-content\/uploads\/2024\/01\/rorbu-hovesbua-ii-900x600.jpg 900w, https:\/\/reelofoten.no\/wp-content\/uploads\/2024\/01\/rorbu-hovesbua-ii.jpg 2000w\" width=\"500\" height=\"333\" \/>\n\t\t\t\t\t\t\t\t\t\t\t\t\t<\/figure>\n\t\t\t\t\t<!-- navigation arrows -->\n\t\t<button aria-label=\"Previous slide\" role=\"button\" tabindex=\"0\">\n\t\t\t\t\t<\/button>\n\t\t<button aria-label=\"Next slide\" role=\"button\" tabindex=\"0\">\n\t\t\t\t\t<\/button>\n<strong>Cabins with Sauna<\/strong>\n<p>Our cabins in <em>LANGBUA<\/em> have sauna. The cabins\u00a0are located side by side in the same building, with their own private entrance. Both cabins have a double bedroom plus a sofa bed in the living room. These cabins are ideal for couples and smaller families. For families, <em>H\u00d8VESBUA<\/em> is a good alternative. This free-standing cabin has two bedrooms, one with a double bed and one with a bunk bed.<\/p>\n<strong>Cabins without Sauna<br \/>\n<\/strong>In <em>STATSBUA<\/em> we have two cabins and one apartment. Our fisherman&#8217;s cabins are located side by side in the same building. Each cabin has its own entrance and mountain and sea views from the living room. The smallest cabin has one bedroom with two single beds and a sofa bed in the living room. The slightly larger cabin has two bedrooms, one with two single beds and one with a bunk bed. Our apartment is in the basement of <em>STATSBUA<\/em>, and has one bedroom with twin beds.\n\t\t\t<a href=\"https:\/\/booking.bedify.net\/65785150a3ec1735c3f6972d\/65afb17ce051bf46b1bcca11\" target=\"_blank\" rel=\"noopener\">\n\t\t\t\t\t\t\tBook Now\n\t\t\t\t\t<\/a>\n\t<ul>\n\t\t\t<li>\n\t\t\t\tTowels &amp; bed linens\n\t\t\t<\/li>\n\t\t\t<li>\n\t\t\t\tFully equipped kitchen\n\t\t\t<\/li>\n\t\t\t<li>\n\t\t\t\tHairdryer\n\t\t\t<\/li>\n\t\t\t<li>\n\t\t\t\tRoom cleaning upon departure\n\t\t\t<\/li>\n\t\t<\/ul>\n\t<ul>\n\t\t\t<li>\n\t\t\t\tFree parking\n\t\t\t<\/li>\n\t\t\t<li>\n\t\t\t\tFree WIFI\n\t\t\t<\/li>\n\t\t\t<li>\n\t\t\t\tSmoke-free\n\t\t\t<\/li>\n\t\t<\/ul>\n\t<ul>\n\t\t\t<li>\n\t\t\t\tAutomated check-in and check-out\n\t\t\t<\/li>\n\t\t\t<li>\n\t\t\t\tMountain and ocean views\n\t\t\t<\/li>\n\t\t\t<li>\n\t\t\t\tTerrace \/ balcony\n\t\t\t<\/li>\n\t\t<\/ul>\n\t\t\t<a href=\"https:\/\/reelofoten.no\/en\/practical-information\/faq\/\" target=\"_self\">\n\t\t\t\t\t\t\tView FAQ\n\t\t\t\t\t<\/a>\n<h2>\n\t\t\tRooms, Apartments, and Rorbuer\t<\/h2>\n<p>Stay with us in idyllic surroundings near the outer edges of Lofoten and experience Reinebringen mountain or the Moskstraumen maelstrom. Choose a room or apartment with a historical touch in Reine or stay in S\u00f8rv\u00e5gen in a Rorbu (fisherman&#8217;s cabin) that has sea and mountain views.<\/p>\n<h2>\n\t\t\tAccommodation nearby and activities in Lofotodden National Park\t<\/h2>\n<p>Stay close to the entrance gates to Lofotodden National Park in Reine or S\u00f8rv\u00e5gen. From Reine you can join our fishing trip on TRIO II, or our guided RIB boat tours to hidden gems and abandoned fishing villages in Lofoten and Lofotodden National Park. Along the way, locals will tell you unique stories about the area. Explore Lofoten with us.<\/p>\n<p>Relax &#8211; Enjoy &#8211; Explore &#8211; Lofoten<\/p>\n\n","protected":false},"excerpt":{"rendered":"<p>Fisherman&#8217;s Cabins in S\u00f8rv\u00e5gen The Buodden Rorbuer fisherman&#8217;s cabins are located a short walk from of the village of S\u00f8rv\u00e5gen, right by the sea. The location offers views of Lofotodden National Park, V\u00e6r\u00f8y island, and the area&#8217;s famous Mokstraumen maelstrom. Book Now Modern Fisherman&#8217;s Cabins with Historical Charm The bright and pleasant Buodden Rorbuer combine&hellip;<\/p>\n","protected":false},"author":3,"featured_media":4546,"parent":4604,"menu_order":7,"comment_status":"closed","ping_status":"closed","template":"","meta":{"_acf_changed":false,"_analytify_skip_tracking":false,"footnotes":""},"class_list":["post-4606","page","type-page","status-publish","has-post-thumbnail","hentry"],"acf":[],"yoast_head":"<!-- This site is optimized with the Yoast SEO plugin v27.2 - https:\/\/yoast.com\/product\/yoast-seo-wordpress\/ -->\n<title>Buodden Rorbuer - REEL AS<\/title>\n<meta name=\"robots\" content=\"index, follow, max-snippet:-1, max-image-preview:large, max-video-preview:-1\" \/>\n<link rel=\"canonical\" href=\"https:\/\/reelofoten.no\/en\/accommodation\/buodden-rorbuer\/\" \/>\n<meta property=\"og:locale\" content=\"en_US\" \/>\n<meta property=\"og:type\" content=\"article\" \/>\n<meta property=\"og:title\" content=\"Buodden Rorbuer - REEL AS\" \/>\n<meta property=\"og:description\" content=\"Fisherman&#8217;s Cabins in S\u00f8rv\u00e5gen The Buodden Rorbuer fisherman&#8217;s cabins are located a short walk from of the village of S\u00f8rv\u00e5gen, right by the sea. The location offers views of Lofotodden National Park, V\u00e6r\u00f8y island, and the area&#8217;s famous Mokstraumen maelstrom. Book Now Modern Fisherman&#8217;s Cabins with Historical Charm The bright and pleasant Buodden Rorbuer combine&hellip;\" \/>\n<meta property=\"og:url\" content=\"https:\/\/reelofoten.no\/en\/accommodation\/buodden-rorbuer\/\" \/>\n<meta property=\"og:site_name\" content=\"REEL AS\" \/>\n<meta property=\"article:publisher\" content=\"https:\/\/www.facebook.com\/REELofoten\/\" \/>\n<meta property=\"article:modified_time\" content=\"2025-12-23T08:25:11+00:00\" \/>\n<meta property=\"og:image\" content=\"https:\/\/reelofoten.no\/wp-content\/uploads\/2023\/12\/buodden-rorbuer-oscar-og-august.jpg\" \/>\n\t<meta property=\"og:image:width\" content=\"1920\" \/>\n\t<meta property=\"og:image:height\" content=\"1026\" \/>\n\t<meta property=\"og:image:type\" content=\"image\/jpeg\" \/>\n<meta name=\"twitter:card\" content=\"summary_large_image\" \/>\n<meta name=\"twitter:label1\" content=\"Est. reading time\" \/>\n\t<meta name=\"twitter:data1\" content=\"2 minutes\" \/>\n<script type=\"application\/ld+json\" class=\"yoast-schema-graph\">{\"@context\":\"https:\/\/schema.org\",\"@graph\":[{\"@type\":\"WebPage\",\"@id\":\"https:\/\/reelofoten.no\/en\/accommodation\/buodden-rorbuer\/\",\"url\":\"https:\/\/reelofoten.no\/en\/accommodation\/buodden-rorbuer\/\",\"name\":\"Buodden Rorbuer - REEL AS\",\"isPartOf\":{\"@id\":\"https:\/\/reelofoten.no\/#website\"},\"primaryImageOfPage\":{\"@id\":\"https:\/\/reelofoten.no\/en\/accommodation\/buodden-rorbuer\/#primaryimage\"},\"image\":{\"@id\":\"https:\/\/reelofoten.no\/en\/accommodation\/buodden-rorbuer\/#primaryimage\"},\"thumbnailUrl\":\"https:\/\/reelofoten.no\/wp-content\/uploads\/2023\/12\/buodden-rorbuer-oscar-og-august.jpg\",\"datePublished\":\"2023-12-19T14:42:14+00:00\",\"dateModified\":\"2025-12-23T08:25:11+00:00\",\"breadcrumb\":{\"@id\":\"https:\/\/reelofoten.no\/en\/accommodation\/buodden-rorbuer\/#breadcrumb\"},\"inLanguage\":\"en-US\",\"potentialAction\":[{\"@type\":\"ReadAction\",\"target\":[\"https:\/\/reelofoten.no\/en\/accommodation\/buodden-rorbuer\/\"]}]},{\"@type\":\"ImageObject\",\"inLanguage\":\"en-US\",\"@id\":\"https:\/\/reelofoten.no\/en\/accommodation\/buodden-rorbuer\/#primaryimage\",\"url\":\"https:\/\/reelofoten.no\/wp-content\/uploads\/2023\/12\/buodden-rorbuer-oscar-og-august.jpg\",\"contentUrl\":\"https:\/\/reelofoten.no\/wp-content\/uploads\/2023\/12\/buodden-rorbuer-oscar-og-august.jpg\",\"width\":1920,\"height\":1026},{\"@type\":\"BreadcrumbList\",\"@id\":\"https:\/\/reelofoten.no\/en\/accommodation\/buodden-rorbuer\/#breadcrumb\",\"itemListElement\":[{\"@type\":\"ListItem\",\"position\":1,\"name\":\"Hjem\",\"item\":\"https:\/\/reelofoten.no\/en\/\"},{\"@type\":\"ListItem\",\"position\":2,\"name\":\"Accommodation\",\"item\":\"https:\/\/reelofoten.no\/en\/accommodation\/\"},{\"@type\":\"ListItem\",\"position\":3,\"name\":\"Buodden Rorbuer\"}]},{\"@type\":\"WebSite\",\"@id\":\"https:\/\/reelofoten.no\/#website\",\"url\":\"https:\/\/reelofoten.no\/\",\"name\":\"REEL AS\",\"description\":\"Aktiviteter i Lofotodden\",\"publisher\":{\"@id\":\"https:\/\/reelofoten.no\/#organization\"},\"alternateName\":\"REELofoten\",\"potentialAction\":[{\"@type\":\"SearchAction\",\"target\":{\"@type\":\"EntryPoint\",\"urlTemplate\":\"https:\/\/reelofoten.no\/?s={search_term_string}\"},\"query-input\":{\"@type\":\"PropertyValueSpecification\",\"valueRequired\":true,\"valueName\":\"search_term_string\"}}],\"inLanguage\":\"en-US\"},{\"@type\":\"Organization\",\"@id\":\"https:\/\/reelofoten.no\/#organization\",\"name\":\"REEL AS\",\"alternateName\":\"REELofoten\",\"url\":\"https:\/\/reelofoten.no\/\",\"logo\":{\"@type\":\"ImageObject\",\"inLanguage\":\"en-US\",\"@id\":\"https:\/\/reelofoten.no\/#\/schema\/logo\/image\/\",\"url\":\"https:\/\/reelofoten.no\/wp-content\/uploads\/2024\/02\/logo-reel-02.png\",\"contentUrl\":\"https:\/\/reelofoten.no\/wp-content\/uploads\/2024\/02\/logo-reel-02.png\",\"width\":1633,\"height\":1447,\"caption\":\"REEL AS\"},\"image\":{\"@id\":\"https:\/\/reelofoten.no\/#\/schema\/logo\/image\/\"},\"sameAs\":[\"https:\/\/www.facebook.com\/REELofoten\/\",\"https:\/\/www.instagram.com\/reelofoten\/\"]}]}<\/script>\n<!-- \/ Yoast SEO plugin. -->","yoast_head_json":{"title":"Buodden Rorbuer - REEL AS","robots":{"index":"index","follow":"follow","max-snippet":"max-snippet:-1","max-image-preview":"max-image-preview:large","max-video-preview":"max-video-preview:-1"},"canonical":"https:\/\/reelofoten.no\/en\/accommodation\/buodden-rorbuer\/","og_locale":"en_US","og_type":"article","og_title":"Buodden Rorbuer - REEL AS","og_description":"Fisherman&#8217;s Cabins in S\u00f8rv\u00e5gen The Buodden Rorbuer fisherman&#8217;s cabins are located a short walk from of the village of S\u00f8rv\u00e5gen, right by the sea. The location offers views of Lofotodden National Park, V\u00e6r\u00f8y island, and the area&#8217;s famous Mokstraumen maelstrom. Book Now Modern Fisherman&#8217;s Cabins with Historical Charm The bright and pleasant Buodden Rorbuer combine&hellip;","og_url":"https:\/\/reelofoten.no\/en\/accommodation\/buodden-rorbuer\/","og_site_name":"REEL AS","article_publisher":"https:\/\/www.facebook.com\/REELofoten\/","article_modified_time":"2025-12-23T08:25:11+00:00","og_image":[{"width":1920,"height":1026,"url":"https:\/\/reelofoten.no\/wp-content\/uploads\/2023\/12\/buodden-rorbuer-oscar-og-august.jpg","type":"image\/jpeg"}],"twitter_card":"summary_large_image","twitter_misc":{"Est. reading time":"2 minutes"},"schema":{"@context":"https:\/\/schema.org","@graph":[{"@type":"WebPage","@id":"https:\/\/reelofoten.no\/en\/accommodation\/buodden-rorbuer\/","url":"https:\/\/reelofoten.no\/en\/accommodation\/buodden-rorbuer\/","name":"Buodden Rorbuer - REEL AS","isPartOf":{"@id":"https:\/\/reelofoten.no\/#website"},"primaryImageOfPage":{"@id":"https:\/\/reelofoten.no\/en\/accommodation\/buodden-rorbuer\/#primaryimage"},"image":{"@id":"https:\/\/reelofoten.no\/en\/accommodation\/buodden-rorbuer\/#primaryimage"},"thumbnailUrl":"https:\/\/reelofoten.no\/wp-content\/uploads\/2023\/12\/buodden-rorbuer-oscar-og-august.jpg","datePublished":"2023-12-19T14:42:14+00:00","dateModified":"2025-12-23T08:25:11+00:00","breadcrumb":{"@id":"https:\/\/reelofoten.no\/en\/accommodation\/buodden-rorbuer\/#breadcrumb"},"inLanguage":"en-US","potentialAction":[{"@type":"ReadAction","target":["https:\/\/reelofoten.no\/en\/accommodation\/buodden-rorbuer\/"]}]},{"@type":"ImageObject","inLanguage":"en-US","@id":"https:\/\/reelofoten.no\/en\/accommodation\/buodden-rorbuer\/#primaryimage","url":"https:\/\/reelofoten.no\/wp-content\/uploads\/2023\/12\/buodden-rorbuer-oscar-og-august.jpg","contentUrl":"https:\/\/reelofoten.no\/wp-content\/uploads\/2023\/12\/buodden-rorbuer-oscar-og-august.jpg","width":1920,"height":1026},{"@type":"BreadcrumbList","@id":"https:\/\/reelofoten.no\/en\/accommodation\/buodden-rorbuer\/#breadcrumb","itemListElement":[{"@type":"ListItem","position":1,"name":"Hjem","item":"https:\/\/reelofoten.no\/en\/"},{"@type":"ListItem","position":2,"name":"Accommodation","item":"https:\/\/reelofoten.no\/en\/accommodation\/"},{"@type":"ListItem","position":3,"name":"Buodden Rorbuer"}]},{"@type":"WebSite","@id":"https:\/\/reelofoten.no\/#website","url":"https:\/\/reelofoten.no\/","name":"REEL AS","description":"Aktiviteter i Lofotodden","publisher":{"@id":"https:\/\/reelofoten.no\/#organization"},"alternateName":"REELofoten","potentialAction":[{"@type":"SearchAction","target":{"@type":"EntryPoint","urlTemplate":"https:\/\/reelofoten.no\/?s={search_term_string}"},"query-input":{"@type":"PropertyValueSpecification","valueRequired":true,"valueName":"search_term_string"}}],"inLanguage":"en-US"},{"@type":"Organization","@id":"https:\/\/reelofoten.no\/#organization","name":"REEL AS","alternateName":"REELofoten","url":"https:\/\/reelofoten.no\/","logo":{"@type":"ImageObject","inLanguage":"en-US","@id":"https:\/\/reelofoten.no\/#\/schema\/logo\/image\/","url":"https:\/\/reelofoten.no\/wp-content\/uploads\/2024\/02\/logo-reel-02.png","contentUrl":"https:\/\/reelofoten.no\/wp-content\/uploads\/2024\/02\/logo-reel-02.png","width":1633,"height":1447,"caption":"REEL AS"},"image":{"@id":"https:\/\/reelofoten.no\/#\/schema\/logo\/image\/"},"sameAs":["https:\/\/www.facebook.com\/REELofoten\/","https:\/\/www.instagram.com\/reelofoten\/"]}]}},"_links":{"self":[{"href":"https:\/\/reelofoten.no\/en\/wp-json\/wp\/v2\/pages\/4606","targetHints":{"allow":["GET"]}}],"collection":[{"href":"https:\/\/reelofoten.no\/en\/wp-json\/wp\/v2\/pages"}],"about":[{"href":"https:\/\/reelofoten.no\/en\/wp-json\/wp\/v2\/types\/page"}],"author":[{"embeddable":true,"href":"https:\/\/reelofoten.no\/en\/wp-json\/wp\/v2\/users\/3"}],"replies":[{"embeddable":true,"href":"https:\/\/reelofoten.no\/en\/wp-json\/wp\/v2\/comments?post=4606"}],"version-history":[{"count":0,"href":"https:\/\/reelofoten.no\/en\/wp-json\/wp\/v2\/pages\/4606\/revisions"}],"up":[{"embeddable":true,"href":"https:\/\/reelofoten.no\/en\/wp-json\/wp\/v2\/pages\/4604"}],"wp:featuredmedia":[{"embeddable":true,"href":"https:\/\/reelofoten.no\/en\/wp-json\/wp\/v2\/media\/4546"}],"wp:attachment":[{"href":"https:\/\/reelofoten.no\/en\/wp-json\/wp\/v2\/media?parent=4606"}],"curies":[{"name":"wp","href":"https:\/\/api.w.org\/{rel}","templated":true}]}}